{"id":583,"date":"2023-08-02T11:48:54","date_gmt":"2023-08-02T11:48:54","guid":{"rendered":"https:\/\/fabrik.vamtam.com\/?page_id=583"},"modified":"2024-12-09T23:12:51","modified_gmt":"2024-12-09T23:12:51","slug":"herramienta-de-corte","status":"publish","type":"page","link":"https:\/\/www.gera.com.tr\/es\/soluciones\/herramienta-de-corte\/","title":{"rendered":"Herramienta de corte"},"content":{"rendered":"\t\t<div data-elementor-type=\"wp-page\" data-elementor-id=\"583\" class=\"elementor elementor-583\" data-elementor-post-type=\"page\">\n\t\t\t\t\t\t<section class=\"elementor-section elementor-top-section elementor-element elementor-element-34d11c9 sabit elementor-section-boxed elementor-section-height-default elementor-section-height-default\" data-id=\"34d11c9\" data-element_type=\"section\" data-e-type=\"section\" data-settings=\"{&quot;motion_fx_motion_fx_scrolling&quot;:&quot;yes&quot;,&quot;motion_fx_devices&quot;:[&quot;widescreen&quot;,&quot;desktop&quot;,&quot;laptop&quot;,&quot;tablet&quot;,&quot;mobile&quot;]}\">\n\t\t\t\t\t\t<div class=\"elementor-container elementor-column-gap-no\">\n\t\t\t\t\t<div class=\"elementor-column elementor-col-100 elementor-top-column elementor-element elementor-element-046b3b7\" data-id=\"046b3b7\" data-element_type=\"column\" data-e-type=\"column\">\n\t\t\t<div class=\"elementor-widget-wrap elementor-element-populated\">\n\t\t\t\t\t\t<div class=\"elementor-element elementor-element-6b6a0ab elementor-widget__width-initial elementor-view-default elementor-position-block-start elementor-mobile-position-block-start elementor-widget elementor-widget-icon-box\" data-id=\"6b6a0ab\" data-element_type=\"widget\" data-e-type=\"widget\" data-widget_type=\"icon-box.default\">\n\t\t\t\t<div class=\"elementor-widget-container\">\n\t\t\t\t\t\t\t<div class=\"elementor-icon-box-wrapper\">\n\n\t\t\t\t\t\t<div class=\"elementor-icon-box-icon\">\n\t\t\t\t<a href=\"#elementor-action%3Aaction%3Dpopup%3Aopen%26settings%3DeyJpZCI6IjE1MzMyIiwidG9nZ2xlIjpmYWxzZSwiYWxpZ25fd2l0aF9wYXJlbnQiOiIifQ%3D%3D\" class=\"elementor-icon\" tabindex=\"-1\" aria-label=\"Teklif Al\">\n\t\t\t\t<svg aria-hidden=\"true\" class=\"e-font-icon-svg e-far-envelope\" viewBox=\"0 0 512 512\" xmlns=\"http:\/\/www.w3.org\/2000\/svg\"><path d=\"M464 64H48C21.49 64 0 85.49 0 112v288c0 26.51 21.49 48 48 48h416c26.51 0 48-21.49 48-48V112c0-26.51-21.49-48-48-48zm0 48v40.805c-22.422 18.259-58.168 46.651-134.587 106.49-16.841 13.247-50.201 45.072-73.413 44.701-23.208.375-56.579-31.459-73.413-44.701C106.18 199.465 70.425 171.067 48 152.805V112h416zM48 400V214.398c22.914 18.251 55.409 43.862 104.938 82.646 21.857 17.205 60.134 55.186 103.062 54.955 42.717.231 80.509-37.199 103.053-54.947 49.528-38.783 82.032-64.401 104.947-82.653V400H48z\"><\/path><\/svg>\t\t\t\t<\/a>\n\t\t\t<\/div>\n\t\t\t\n\t\t\t\t\t\t<div class=\"elementor-icon-box-content\">\n\n\t\t\t\t\t\t\t\t\t<div class=\"elementor-icon-box-title\">\n\t\t\t\t\t\t<a href=\"#elementor-action%3Aaction%3Dpopup%3Aopen%26settings%3DeyJpZCI6IjE1MzMyIiwidG9nZ2xlIjpmYWxzZSwiYWxpZ25fd2l0aF9wYXJlbnQiOiIifQ%3D%3D\" >\n\t\t\t\t\t\t\tTeklif Al\t\t\t\t\t\t<\/a>\n\t\t\t\t\t<\/div>\n\t\t\t\t\n\t\t\t\t\n\t\t\t<\/div>\n\t\t\t\n\t\t<\/div>\n\t\t\t\t\t\t<\/div>\n\t\t\t\t<\/div>\n\t\t\t\t<div class=\"elementor-element elementor-element-27023a9 elementor-widget__width-initial elementor-view-default elementor-position-block-start elementor-mobile-position-block-start elementor-widget elementor-widget-icon-box\" data-id=\"27023a9\" data-element_type=\"widget\" data-e-type=\"widget\" data-widget_type=\"icon-box.default\">\n\t\t\t\t<div class=\"elementor-widget-container\">\n\t\t\t\t\t\t\t<div class=\"elementor-icon-box-wrapper\">\n\n\t\t\t\t\t\t<div class=\"elementor-icon-box-icon\">\n\t\t\t\t<span  class=\"elementor-icon\">\n\t\t\t\t<svg aria-hidden=\"true\" class=\"e-font-icon-svg e-far-file-pdf\" viewBox=\"0 0 384 512\" xmlns=\"http:\/\/www.w3.org\/2000\/svg\"><path d=\"M369.9 97.9L286 14C277 5 264.8-.1 252.1-.1H48C21.5 0 0 21.5 0 48v416c0 26.5 21.5 48 48 48h288c26.5 0 48-21.5 48-48V131.9c0-12.7-5.1-25-14.1-34zM332.1 128H256V51.9l76.1 76.1zM48 464V48h160v104c0 13.3 10.7 24 24 24h104v288H48zm250.2-143.7c-12.2-12-47-8.7-64.4-6.5-17.2-10.5-28.7-25-36.8-46.3 3.9-16.1 10.1-40.6 5.4-56-4.2-26.2-37.8-23.6-42.6-5.9-4.4 16.1-.4 38.5 7 67.1-10 23.9-24.9 56-35.4 74.4-20 10.3-47 26.2-51 46.2-3.3 15.8 26 55.2 76.1-31.2 22.4-7.4 46.8-16.5 68.4-20.1 18.9 10.2 41 17 55.8 17 25.5 0 28-28.2 17.5-38.7zm-198.1 77.8c5.1-13.7 24.5-29.5 30.4-35-19 30.3-30.4 35.7-30.4 35zm81.6-190.6c7.4 0 6.7 32.1 1.8 40.8-4.4-13.9-4.3-40.8-1.8-40.8zm-24.4 136.6c9.7-16.9 18-37 24.7-54.7 8.3 15.1 18.9 27.2 30.1 35.5-20.8 4.3-38.9 13.1-54.8 19.2zm131.6-5s-5 6-37.3-7.8c35.1-2.6 40.9 5.4 37.3 7.8z\"><\/path><\/svg>\t\t\t\t<\/span>\n\t\t\t<\/div>\n\t\t\t\n\t\t\t\t\t\t<div class=\"elementor-icon-box-content\">\n\n\t\t\t\t\t\t\t\t\t<div class=\"elementor-icon-box-title\">\n\t\t\t\t\t\t<span  >\n\t\t\t\t\t\t\tKatalog\t\t\t\t\t\t<\/span>\n\t\t\t\t\t<\/div>\n\t\t\t\t\n\t\t\t\t\n\t\t\t<\/div>\n\t\t\t\n\t\t<\/div>\n\t\t\t\t\t\t<\/div>\n\t\t\t\t<\/div>\n\t\t\t\t\t<\/div>\n\t\t<\/div>\n\t\t\t\t\t<\/div>\n\t\t<\/section>\n\t\t\t\t<section class=\"elementor-section elementor-top-section elementor-element elementor-element-df10b2f elementor-section-boxed elementor-section-height-default elementor-section-height-default\" data-id=\"df10b2f\" data-element_type=\"section\" data-e-type=\"section\">\n\t\t\t\t\t\t<div class=\"elementor-container elementor-column-gap-no\">\n\t\t\t\t\t<div class=\"elementor-column elementor-col-100 elementor-top-column elementor-element elementor-element-40b1c39\" data-id=\"40b1c39\" data-element_type=\"column\" data-e-type=\"column\">\n\t\t\t<div class=\"elementor-widget-wrap elementor-element-populated\">\n\t\t\t\t\t\t<div class=\"elementor-element elementor-element-dd39518 elementor-widget elementor-widget-video\" data-id=\"dd39518\" data-element_type=\"widget\" data-e-type=\"widget\" data-settings=\"{&quot;video_type&quot;:&quot;hosted&quot;,&quot;autoplay&quot;:&quot;yes&quot;,&quot;play_on_mobile&quot;:&quot;yes&quot;,&quot;mute&quot;:&quot;yes&quot;,&quot;loop&quot;:&quot;yes&quot;}\" data-widget_type=\"video.default\">\n\t\t\t\t<div class=\"elementor-widget-container\">\n\t\t\t\t\t\t\t<div class=\"e-hosted-video elementor-wrapper elementor-open-inline\">\n\t\t\t\t\t<video class=\"elementor-video\" src=\"https:\/\/www.gera.com.tr\/wp-content\/uploads\/2024\/07\/Kalip-hazirlama.mp4\" autoplay=\"\" loop=\"\" muted=\"muted\" playsinline=\"\" controlsList=\"nodownload\"><\/video>\n\t\t\t\t<\/div>\n\t\t\t\t\t\t<\/div>\n\t\t\t\t<\/div>\n\t\t\t\t\t<\/div>\n\t\t<\/div>\n\t\t\t\t\t<\/div>\n\t\t<\/section>\n\t\t\t\t<section class=\"elementor-section elementor-top-section elementor-element elementor-element-2ee38e3b elementor-section-boxed elementor-section-height-default elementor-section-height-default\" data-id=\"2ee38e3b\" data-element_type=\"section\" data-e-type=\"section\">\n\t\t\t\t\t\t<div class=\"elementor-container elementor-column-gap-no\">\n\t\t\t\t\t<div class=\"elementor-column elementor-col-50 elementor-top-column elementor-element elementor-element-5dcaf42e\" data-id=\"5dcaf42e\" data-element_type=\"column\" data-e-type=\"column\" data-settings=\"{&quot;background_background&quot;:&quot;classic&quot;}\">\n\t\t\t<div class=\"elementor-widget-wrap elementor-element-populated\">\n\t\t\t\t\t\t<div class=\"elementor-element elementor-element-528f3497 elementor-widget elementor-widget-text-editor\" data-id=\"528f3497\" data-element_type=\"widget\" data-e-type=\"widget\" data-widget_type=\"text-editor.default\">\n\t\t\t\t<div class=\"elementor-widget-container\">\n\t\t\t\t\t\t\t\t\t<p>\u00a0<\/p><h6>1. <strong>\u00dcr\u00fcn Kalitesinin Sa\u011flanmas\u0131<\/strong><\/h6><p>Do\u011fru se\u00e7ilmi\u015f tak\u0131mlar, y\u00fcksek hassasiyet ve do\u011fru \u00f6l\u00e7\u00fcm sa\u011flayarak \u00fcr\u00fcnlerin tasar\u0131m ve teknik spesifikasyonlara uyumlu olmas\u0131n\u0131 garanti eder.<\/p><h6>2. <strong>\u00dcretim Verimlili\u011finin Art\u0131r\u0131lmas\u0131<\/strong><\/h6><p>Uygun tak\u0131m se\u00e7imi, \u00fcretim s\u00fcre\u00e7lerini daha h\u0131zl\u0131 ve etkili bir \u015fekilde ger\u00e7ekle\u015ftirir, b\u00f6ylece \u00fcretim hatt\u0131ndaki duraklama s\u00fcrelerini azalt\u0131r ve genel \u00fcretim h\u0131z\u0131n\u0131 art\u0131r\u0131r.<\/p><h6>3. <strong>Maliyetlerin Azalt\u0131lmas\u0131<\/strong><\/h6><p>Kaliteli ve uygun tak\u0131mlar, uzun \u00f6m\u00fcrl\u00fc ve dayan\u0131kl\u0131d\u0131r, bu da s\u0131k s\u0131k de\u011fi\u015fim ve bak\u0131m ihtiyac\u0131n\u0131 azalt\u0131r ve hatal\u0131 \u00fcr\u00fcnlerin riskini d\u00fc\u015f\u00fcrerek maliyetleri azalt\u0131r.<\/p><h6>4. <strong>Tak\u0131m \u00d6mr\u00fcn\u00fcn Uzat\u0131lmas\u0131<\/strong><\/h6><p>Do\u011fru tak\u0131m se\u00e7imi, tak\u0131m\u0131n \u00f6mr\u00fcn\u00fc uzatarak a\u015f\u0131nma ve y\u0131pranmay\u0131 minimize eder, b\u00f6ylece tak\u0131mlar daha uzun s\u00fcre verimli bir \u015fekilde \u00e7al\u0131\u015f\u0131r.<\/p><h6>5. <strong>\u0130\u015f G\u00fcvenli\u011finin Art\u0131r\u0131lmas\u0131<\/strong><\/h6><p>Uygun tak\u0131m se\u00e7imi, \u00fcretim s\u00fcre\u00e7lerinde g\u00fcvenli\u011fi art\u0131r\u0131r, operat\u00f6rlerin i\u015f g\u00fcvenli\u011fini sa\u011flar ve kaza risklerini azalt\u0131r.<\/p><h6>6. <strong>Teknolojik Uyum ve Performans<\/strong><\/h6><p>Do\u011fru tak\u0131m se\u00e7imi, modern makinelerle uyumlu \u00e7al\u0131\u015fmay\u0131 ve y\u00fcksek performans elde etmeyi sa\u011flar, \u00fcretim s\u00fcre\u00e7lerinin sorunsuz y\u00fcr\u00fct\u00fclmesine yard\u0131mc\u0131 olur.<\/p><h6>7. <strong>Sorunlar\u0131n Erken Tespiti ve \u00d6nlenmesi<\/strong><\/h6><p>Kaliteli tak\u0131mlar, \u00fcretim s\u00fcrecinde potansiyel sorunlar\u0131 erken tespit eder ve \u00f6nler, b\u00f6ylece \u00fcretim hatalar\u0131n\u0131 minimize eder.<\/p><h6>8. \u0130\u015f S\u00fcreklili\u011finin Sa\u011flanmas\u0131<\/h6><p>Uygun tak\u0131mlar, \u00fcretim s\u00fcrecinin kesintisiz devam\u0131n\u0131 sa\u011flar, \u00fcretim hedeflerine ula\u015fmay\u0131 ve teslimat s\u00fcrelerini kar\u015f\u0131lamay\u0131 kolayla\u015ft\u0131r\u0131r.<\/p>\t\t\t\t\t\t\t\t<\/div>\n\t\t\t\t<\/div>\n\t\t\t\t\t<\/div>\n\t\t<\/div>\n\t\t\t\t<div class=\"elementor-column elementor-col-50 elementor-top-column elementor-element elementor-element-11cc8785\" data-id=\"11cc8785\" data-element_type=\"column\" data-e-type=\"column\">\n\t\t\t<div class=\"elementor-widget-wrap elementor-element-populated\">\n\t\t\t\t\t\t<div class=\"elementor-element elementor-element-35cf245b elementor-widget elementor-widget-image\" data-id=\"35cf245b\" data-element_type=\"widget\" data-e-type=\"widget\" data-settings=\"{&quot;motion_fx_motion_fx_scrolling&quot;:&quot;yes&quot;,&quot;motion_fx_translateY_effect&quot;:&quot;yes&quot;,&quot;motion_fx_translateY_speed&quot;:{&quot;unit&quot;:&quot;px&quot;,&quot;size&quot;:1,&quot;sizes&quot;:[]},&quot;motion_fx_devices&quot;:[&quot;desktop&quot;],&quot;motion_fx_translateY_affectedRange&quot;:{&quot;unit&quot;:&quot;%&quot;,&quot;size&quot;:&quot;&quot;,&quot;sizes&quot;:{&quot;start&quot;:0,&quot;end&quot;:100}}}\" data-widget_type=\"image.default\">\n\t\t\t\t<div class=\"elementor-widget-container\">\n\t\t\t\t\t\t\t\t\t\t\t\t\t\t\t<img loading=\"lazy\" decoding=\"async\" width=\"480\" height=\"405\" src=\"https:\/\/www.gera.com.tr\/wp-content\/uploads\/2024\/08\/milling-tool-gera-removebg-preview.png\" class=\"attachment-large size-large wp-image-989304\" alt=\"\" srcset=\"https:\/\/www.gera.com.tr\/wp-content\/uploads\/2024\/08\/milling-tool-gera-removebg-preview.png 480w, https:\/\/www.gera.com.tr\/wp-content\/uploads\/2024\/08\/milling-tool-gera-removebg-preview-300x253.png 300w\" sizes=\"auto, (max-width: 480px) 100vw, 480px\" \/>\t\t\t\t\t\t\t\t\t\t\t\t\t\t\t<\/div>\n\t\t\t\t<\/div>\n\t\t\t\t<div class=\"elementor-element elementor-element-2c15539 elementor-widget elementor-widget-image\" data-id=\"2c15539\" data-element_type=\"widget\" data-e-type=\"widget\" data-settings=\"{&quot;motion_fx_motion_fx_scrolling&quot;:&quot;yes&quot;,&quot;motion_fx_translateY_effect&quot;:&quot;yes&quot;,&quot;motion_fx_translateY_speed&quot;:{&quot;unit&quot;:&quot;px&quot;,&quot;size&quot;:1,&quot;sizes&quot;:[]},&quot;motion_fx_devices&quot;:[&quot;desktop&quot;],&quot;motion_fx_translateY_affectedRange&quot;:{&quot;unit&quot;:&quot;%&quot;,&quot;size&quot;:&quot;&quot;,&quot;sizes&quot;:{&quot;start&quot;:0,&quot;end&quot;:100}}}\" data-widget_type=\"image.default\">\n\t\t\t\t<div class=\"elementor-widget-container\">\n\t\t\t\t\t\t\t\t\t\t\t\t\t\t\t<img loading=\"lazy\" decoding=\"async\" width=\"1024\" height=\"683\" src=\"https:\/\/www.gera.com.tr\/wp-content\/uploads\/2024\/07\/BRS_2654-min-1024x683.jpg\" class=\"attachment-large size-large wp-image-988688\" alt=\"\" srcset=\"https:\/\/www.gera.com.tr\/wp-content\/uploads\/2024\/07\/BRS_2654-min-1024x683.jpg 1024w, https:\/\/www.gera.com.tr\/wp-content\/uploads\/2024\/07\/BRS_2654-min-300x200.jpg 300w, https:\/\/www.gera.com.tr\/wp-content\/uploads\/2024\/07\/BRS_2654-min-768x513.jpg 768w, https:\/\/www.gera.com.tr\/wp-content\/uploads\/2024\/07\/BRS_2654-min-1536x1025.jpg 1536w, https:\/\/www.gera.com.tr\/wp-content\/uploads\/2024\/07\/BRS_2654-min-2048x1367.jpg 2048w\" sizes=\"auto, (max-width: 1024px) 100vw, 1024px\" \/>\t\t\t\t\t\t\t\t\t\t\t\t\t\t\t<\/div>\n\t\t\t\t<\/div>\n\t\t\t\t\t<\/div>\n\t\t<\/div>\n\t\t\t\t\t<\/div>\n\t\t<\/section>\n\t\t\t\t<section class=\"elementor-section elementor-top-section elementor-element elementor-element-7ca9e6e1 elementor-section-content-top elementor-section-boxed elementor-section-height-default elementor-section-height-default\" data-id=\"7ca9e6e1\" data-element_type=\"section\" data-e-type=\"section\" data-settings=\"{&quot;background_background&quot;:&quot;classic&quot;}\">\n\t\t\t\t\t\t<div class=\"elementor-container elementor-column-gap-no\">\n\t\t\t\t\t<div class=\"elementor-column elementor-col-33 elementor-top-column elementor-element elementor-element-19b593c9\" data-id=\"19b593c9\" data-element_type=\"column\" data-e-type=\"column\">\n\t\t\t<div class=\"elementor-widget-wrap elementor-element-populated\">\n\t\t\t\t\t\t<div class=\"elementor-element elementor-element-7d9b127c elementor-invisible elementor-widget elementor-widget-heading\" data-id=\"7d9b127c\" data-element_type=\"widget\" data-e-type=\"widget\" data-settings=\"{&quot;_animation&quot;:&quot;fadeIn&quot;,&quot;_animation_delay&quot;:200}\" data-widget_type=\"heading.default\">\n\t\t\t\t<div class=\"elementor-widget-container\">\n\t\t\t\t\t<h2 class=\"elementor-heading-title elementor-size-default\">Tak\u0131m Haz\u0131rlanmas\u0131<\/h2>\t\t\t\t<\/div>\n\t\t\t\t<\/div>\n\t\t\t\t\t<\/div>\n\t\t<\/div>\n\t\t\t\t<div class=\"elementor-column elementor-col-66 elementor-top-column elementor-element elementor-element-394dc042\" data-id=\"394dc042\" data-element_type=\"column\" data-e-type=\"column\">\n\t\t\t<div class=\"elementor-widget-wrap elementor-element-populated\">\n\t\t\t\t\t\t<div class=\"elementor-element elementor-element-2247bdc2 elementor-widget elementor-widget-text-editor\" data-id=\"2247bdc2\" data-element_type=\"widget\" data-e-type=\"widget\" data-widget_type=\"text-editor.default\">\n\t\t\t\t<div class=\"elementor-widget-container\">\n\t\t\t\t\t\t\t\t\t<p>Tak\u0131m haz\u0131rlama b\u00f6l\u00fcm\u00fc, \u00fcretim s\u00fcre\u00e7lerinin etkinli\u011fi ve verimlili\u011fi i\u00e7in kritik bir rol oynar. Bu b\u00f6l\u00fcm, \u00fcretim makinelerinde kullan\u0131lacak tak\u0131m ve aparatlar\u0131n haz\u0131rlanmas\u0131n\u0131, test edilmesini ve bak\u0131m\u0131n\u0131 i\u00e7erir. Kaliteli tak\u0131m haz\u0131rlama, \u00fcretim s\u00fcre\u00e7lerinin sorunsuz ve hatas\u0131z bir \u015fekilde ilerlemesini sa\u011flar.<\/p><p>\u00dcretim ihtiya\u00e7lar\u0131na uygun tak\u0131m ve aparatlar\u0131n belirlenmesi, do\u011fru performans ve uzun \u00f6m\u00fcr garantisi i\u00e7in temel ad\u0131md\u0131r. Bu s\u00fcre\u00e7, tak\u0131m tipinin ve \u00f6zelliklerinin se\u00e7ilmesini, tedarik\u00e7ilerle ileti\u015fim kurmay\u0131 ve gerekli malzemelerin temin edilmesini i\u00e7erir. Do\u011fru se\u00e7im, \u00fcretim kalitesini ve verimlili\u011fi art\u0131r\u0131r.<\/p><h4>\u00a0<\/h4>\t\t\t\t\t\t\t\t<\/div>\n\t\t\t\t<\/div>\n\t\t\t\t\t<\/div>\n\t\t<\/div>\n\t\t\t\t\t<\/div>\n\t\t<\/section>\n\t\t\t\t<section class=\"elementor-section elementor-top-section elementor-element elementor-element-50d56395 elementor-section-height-min-height elementor-section-items-stretch elementor-section-boxed elementor-section-height-default\" data-id=\"50d56395\" data-element_type=\"section\" data-e-type=\"section\" data-settings=\"{&quot;background_background&quot;:&quot;gradient&quot;}\">\n\t\t\t\t\t\t<div class=\"elementor-container elementor-column-gap-no\">\n\t\t\t\t\t<div class=\"elementor-column elementor-col-100 elementor-top-column elementor-element elementor-element-611302de\" data-id=\"611302de\" data-element_type=\"column\" data-e-type=\"column\" data-settings=\"{&quot;background_background&quot;:&quot;classic&quot;,&quot;background_motion_fx_scale_effect&quot;:&quot;yes&quot;,&quot;background_motion_fx_scale_speed&quot;:{&quot;unit&quot;:&quot;px&quot;,&quot;size&quot;:1,&quot;sizes&quot;:[]},&quot;background_motion_fx_devices&quot;:[&quot;desktop&quot;],&quot;background_motion_fx_motion_fx_scrolling&quot;:&quot;yes&quot;,&quot;background_motion_fx_scale_direction&quot;:&quot;out-in&quot;,&quot;background_motion_fx_scale_range&quot;:{&quot;unit&quot;:&quot;%&quot;,&quot;size&quot;:&quot;&quot;,&quot;sizes&quot;:{&quot;start&quot;:20,&quot;end&quot;:80}}}\">\n\t\t\t<div class=\"elementor-widget-wrap elementor-element-populated\">\n\t\t\t\t\t\t<div class=\"elementor-element elementor-element-4605d1da elementor-widget elementor-widget-spacer\" data-id=\"4605d1da\" data-element_type=\"widget\" data-e-type=\"widget\" data-widget_type=\"spacer.default\">\n\t\t\t\t<div class=\"elementor-widget-container\">\n\t\t\t\t\t\t\t<div class=\"elementor-spacer\">\n\t\t\t<div class=\"elementor-spacer-inner\"><\/div>\n\t\t<\/div>\n\t\t\t\t\t\t<\/div>\n\t\t\t\t<\/div>\n\t\t\t\t\t<\/div>\n\t\t<\/div>\n\t\t\t\t\t<\/div>\n\t\t<\/section>\n\t\t\t\t<\/div>\n\t\t","protected":false},"excerpt":{"rendered":"<p>El departamento de herramientas desempe\u00f1a un papel fundamental en la eficacia y eficiencia de los procesos de producci\u00f3n. Esta secci\u00f3n incluye la preparaci\u00f3n, prueba y mantenimiento de herramientas y aparatos para ser utilizados en m\u00e1quinas de producci\u00f3n. Las herramientas de calidad garantizan que los procesos de producci\u00f3n se desarrollen sin problemas y sin errores.<\/p>","protected":false},"author":1,"featured_media":988688,"parent":138,"menu_order":0,"comment_status":"closed","ping_status":"closed","template":"","meta":{"footnotes":""},"class_list":["post-583","page","type-page","status-publish","has-post-thumbnail","hentry"],"_links":{"self":[{"href":"https:\/\/www.gera.com.tr\/es\/wp-json\/wp\/v2\/pages\/583","targetHints":{"allow":["GET"]}}],"collection":[{"href":"https:\/\/www.gera.com.tr\/es\/wp-json\/wp\/v2\/pages"}],"about":[{"href":"https:\/\/www.gera.com.tr\/es\/wp-json\/wp\/v2\/types\/page"}],"author":[{"embeddable":true,"href":"https:\/\/www.gera.com.tr\/es\/wp-json\/wp\/v2\/users\/1"}],"replies":[{"embeddable":true,"href":"https:\/\/www.gera.com.tr\/es\/wp-json\/wp\/v2\/comments?post=583"}],"version-history":[{"count":0,"href":"https:\/\/www.gera.com.tr\/es\/wp-json\/wp\/v2\/pages\/583\/revisions"}],"up":[{"embeddable":true,"href":"https:\/\/www.gera.com.tr\/es\/wp-json\/wp\/v2\/pages\/138"}],"wp:featuredmedia":[{"embeddable":true,"href":"https:\/\/www.gera.com.tr\/es\/wp-json\/wp\/v2\/media\/988688"}],"wp:attachment":[{"href":"https:\/\/www.gera.com.tr\/es\/wp-json\/wp\/v2\/media?parent=583"}],"curies":[{"name":"wp","href":"https:\/\/api.w.org\/{rel}","templated":true}]}}